{"id":788,"date":"2020-11-27T13:44:47","date_gmt":"2020-11-27T11:44:47","guid":{"rendered":"https:\/\/www.stormalo.fi\/?page_id=788"},"modified":"2021-12-13T13:56:30","modified_gmt":"2021-12-13T11:56:30","slug":"smabatshamnarna","status":"publish","type":"page","link":"https:\/\/www.stormalo.fi\/sv\/smabatshamnarna\/","title":{"rendered":"Sm\u00e5b\u00e5tshamnarna"},"content":{"rendered":"<p>[et_pb_section fb_built=&#8221;1&#8243; admin_label=&#8221;Header&#8221; _builder_version=&#8221;4.6.6&#8243; use_background_color_gradient=&#8221;on&#8221; background_color_gradient_start=&#8221;rgba(255,255,255,0.89)&#8221; background_color_gradient_end=&#8221;rgba(255,255,255,0)&#8221; background_color_gradient_type=&#8221;radial&#8221; background_color_gradient_direction_radial=&#8221;top left&#8221; background_color_gradient_start_position=&#8221;30%&#8221; background_color_gradient_end_position=&#8221;80%&#8221; background_color_gradient_overlays_image=&#8221;on&#8221; background_image=&#8221;https:\/\/www.stormalo.fi\/wp-content\/uploads\/2020\/10\/LJO4775.jpg&#8221; custom_padding=&#8221;8vw|0px|0|0px|false|false&#8221; locked=&#8221;off&#8221; global_colors_info=&#8221;{}&#8221;][et_pb_row _builder_version=&#8221;3.25&#8243; global_colors_info=&#8221;{}&#8221;][et_pb_column type=&#8221;4_4&#8243; _builder_version=&#8221;3.25&#8243; custom_padding=&#8221;|||&#8221; global_colors_info=&#8221;{}&#8221; custom_padding__hover=&#8221;|||&#8221;][et_pb_text _builder_version=&#8221;4.6.6&#8243; text_font=&#8221;||||||||&#8221; header_font=&#8221;Raleway|700|||||||&#8221; header_font_size=&#8221;80px&#8221; header_line_height=&#8221;1.2em&#8221; header_5_font=&#8221;Raleway|700||on|||||&#8221; header_5_text_color=&#8221;#000000&#8243; header_5_font_size=&#8221;20px&#8221; header_5_letter_spacing=&#8221;0.5em&#8221; header_5_line_height=&#8221;1.8em&#8221; animation_style=&#8221;zoom&#8221; animation_intensity_zoom=&#8221;5%&#8221; header_font_size_tablet=&#8221;48px&#8221; header_font_size_phone=&#8221;32px&#8221; header_font_size_last_edited=&#8221;on|phone&#8221; header_5_font_size_tablet=&#8221;14px&#8221; header_5_font_size_phone=&#8221;12px&#8221; header_5_font_size_last_edited=&#8221;on|desktop&#8221; global_colors_info=&#8221;{}&#8221;]<\/p>\n<h5>Sm\u00e5b\u00e5tshamnarna<\/h5>\n<h1>Storm\u00e4l\u00f6 Mariina och Pikkusatama<\/h1>\n<p>[\/et_pb_text][\/et_pb_column][\/et_pb_row][\/et_pb_section][et_pb_section fb_built=&#8221;1&#8243; _builder_version=&#8221;4.6.6&#8243; _module_preset=&#8221;default&#8221; global_colors_info=&#8221;{}&#8221;][et_pb_row _builder_version=&#8221;4.6.6&#8243; _module_preset=&#8221;default&#8221; global_colors_info=&#8221;{}&#8221;][et_pb_column type=&#8221;4_4&#8243; _builder_version=&#8221;4.6.6&#8243; _module_preset=&#8221;default&#8221; global_colors_info=&#8221;{}&#8221;][et_pb_text _builder_version=&#8221;4.10.7&#8243; _module_preset=&#8221;default&#8221; hover_enabled=&#8221;0&#8243; global_colors_info=&#8221;{}&#8221; sticky_enabled=&#8221;0&#8243;]<\/p>\n<h2>B\u00e5tplatserna<\/h2>\n<p>Hamnarna finns p\u00e5 \u00f6n Storm\u00e4l\u00f6 i Pargas. Omr\u00e5det har fungerat redan l\u00e4nge som sm\u00e5b\u00e5tshamn och Tapani Johansson har verkat p\u00e5 Storm\u00e4l\u00f6n Mariina sedan 1987. Sm\u00e5b\u00e5tshamnarna har ett fantastiskt l\u00e4ge precis invid Ersstan och hela \u00c5bo sk\u00e4rg\u00e5rd, samtidigt som de ligger i en mycket skyddad vik.<\/p>\n<p>Storm\u00e4l\u00f6n Mariina Oy och Tapani Johanssons Storm\u00e4l\u00f6n Pikkusatama hyr ut totalt ca 250 b\u00e5tplatser. Virta Ay sk\u00f6ter om b\u00e5tupptagning och vinterf\u00f6rvaring.<\/p>\n<p>Praktiska \u00e4renden sk\u00f6ts av Janne Nordqvist, <em>+358 500 455 218<\/em><br \/>Platsf\u00f6rfr\u00e5gningar: Jenny Johansson, <em><a href=\"mailto:jennyjoha@gmail.com\" target=\"_blank\" rel=\"noopener noreferrer\">jennyjoha@gmail.com<\/a>, +358442941760<\/em><br \/>Vinterf\u00f6rvaring och service: Venepalvelu Virta, <em>+358500938916, vene.virta@parnet.fi<\/em><\/p>\n<p>[\/et_pb_text][et_pb_image src=&#8221;https:\/\/www.stormalo.fi\/wp-content\/uploads\/2020\/10\/DSC2232.jpg&#8221; title_text=&#8221;DSC2232&#8243; _builder_version=&#8221;4.6.6&#8243; _module_preset=&#8221;default&#8221; global_colors_info=&#8221;{}&#8221;][\/et_pb_image][\/et_pb_column][\/et_pb_row][\/et_pb_section][et_pb_section fb_built=&#8221;1&#8243; admin_label=&#8221;Contact Info&#8221; module_id=&#8221;#yhteys&#8221; _builder_version=&#8221;4.4.7&#8243; background_color=&#8221;#ffffff&#8221; max_width=&#8221;90%&#8221; max_width_tablet=&#8221;&#8221; max_width_phone=&#8221;100%&#8221; max_width_last_edited=&#8221;on|phone&#8221; custom_margin=&#8221;-160px|||&#8221; custom_padding=&#8221;75px|||||&#8221; border_color_all=&#8221;#ffffff&#8221; border_width_left=&#8221;10vw&#8221; saved_tabs=&#8221;all&#8221; global_colors_info=&#8221;{}&#8221;][et_pb_row column_structure=&#8221;1_3,1_3,1_3&#8243; _builder_version=&#8221;3.25&#8243; custom_width_px=&#8221;800px&#8221; locked=&#8221;off&#8221; global_colors_info=&#8221;{}&#8221;][et_pb_column type=&#8221;1_3&#8243; _builder_version=&#8221;3.25&#8243; custom_padding=&#8221;|||&#8221; global_colors_info=&#8221;{}&#8221; custom_padding__hover=&#8221;|||&#8221;][et_pb_blurb title=&#8221;Telefon&#8221; use_icon=&#8221;on&#8221; font_icon=&#8221;%%264%%&#8221; icon_color=&#8221;#c3cfd6&#8243; icon_placement=&#8221;left&#8221; use_icon_font_size=&#8221;on&#8221; icon_font_size=&#8221;24px&#8221; _builder_version=&#8221;4.6.6&#8243; header_level=&#8221;h5&#8243; header_font=&#8221;Raleway|700|||||||&#8221; header_line_height=&#8221;1.4em&#8221; global_colors_info=&#8221;{}&#8221;]<\/p>\n<p>+358442941760<br \/>+358 500 455 218<\/p>\n<p>[\/et_pb_blurb][\/et_pb_column][et_pb_column type=&#8221;1_3&#8243; _builder_version=&#8221;3.25&#8243; custom_padding=&#8221;|||&#8221; global_colors_info=&#8221;{}&#8221; custom_padding__hover=&#8221;|||&#8221;][et_pb_blurb title=&#8221;Kontor&#8221; use_icon=&#8221;on&#8221; font_icon=&#8221;%%249%%&#8221; icon_color=&#8221;#c3cfd6&#8243; icon_placement=&#8221;left&#8221; use_icon_font_size=&#8221;on&#8221; icon_font_size=&#8221;24px&#8221; _builder_version=&#8221;4.6.6&#8243; header_level=&#8221;h5&#8243; header_font=&#8221;Raleway|700|||||||&#8221; header_line_height=&#8221;1.4em&#8221; global_colors_info=&#8221;{}&#8221;]<\/p>\n<p>Storm\u00e4l\u00f6v\u00e4gen 22<br \/>21600 Pargas<\/p>\n<p>[\/et_pb_blurb][\/et_pb_column][et_pb_column type=&#8221;1_3&#8243; _builder_version=&#8221;3.25&#8243; custom_padding=&#8221;|||&#8221; global_colors_info=&#8221;{}&#8221; custom_padding__hover=&#8221;|||&#8221;][et_pb_blurb title=&#8221;Epost&#8221; use_icon=&#8221;on&#8221; font_icon=&#8221;%%238%%&#8221; icon_color=&#8221;#c3cfd6&#8243; icon_placement=&#8221;left&#8221; use_icon_font_size=&#8221;on&#8221; icon_font_size=&#8221;24px&#8221; _builder_version=&#8221;4.6.6&#8243; header_level=&#8221;h5&#8243; header_font=&#8221;Raleway|700|||||||&#8221; header_line_height=&#8221;1.4em&#8221; global_colors_info=&#8221;{}&#8221;]jennyjoha@gmail.com<br \/>\n[\/et_pb_blurb][\/et_pb_column][\/et_pb_row][et_pb_row module_id=&#8221;lomake&#8221; _builder_version=&#8221;4.4.7&#8243; custom_width_px=&#8221;800px&#8221; global_colors_info=&#8221;{}&#8221;][et_pb_column type=&#8221;4_4&#8243; _builder_version=&#8221;3.25&#8243; custom_padding=&#8221;|||&#8221; global_colors_info=&#8221;{}&#8221; custom_padding__hover=&#8221;|||&#8221;][et_pb_contact_form captcha=&#8221;off&#8221; email=&#8221;jennyjoha@gmail.com&#8221; success_message=&#8221;Viestisi on l\u00e4hetetty!&#8221; submit_button_text=&#8221;Skicka&#8221; module_id=&#8221;et_pb_contact_form_0&#8243; _builder_version=&#8221;4.6.6&#8243; form_field_background_color=&#8221;#f5f5f5&#8243; title_level=&#8221;h2&#8243; title_font=&#8221;Raleway|700|||||||&#8221; title_font_size=&#8221;50px&#8221; title_line_height=&#8221;1.8em&#8221; form_field_font=&#8221;||||||||&#8221; form_field_line_height=&#8221;2em&#8221; custom_button=&#8221;on&#8221; button_text_size=&#8221;16px&#8221; button_text_color=&#8221;#b2b9c4&#8243; button_bg_color=&#8221;rgba(178,185,196,0)&#8221; button_border_color=&#8221;rgba(0,0,0,0)&#8221; button_border_radius=&#8221;0px&#8221; button_font=&#8221;Raleway|700|||||||&#8221; link_option_url=&#8221;mailto: jennyjoha@gmail.com&#8221; title_font_size_tablet=&#8221;35px&#8221; title_font_size_phone=&#8221;25px&#8221; title_font_size_last_edited=&#8221;on|desktop&#8221; form_background_color=&#8221;#f5f5f5&#8243; global_colors_info=&#8221;{}&#8221; button_border_radius_hover=&#8221;0px&#8221;][et_pb_contact_field field_id=&#8221;Nimi&#8221; field_title=&#8221;Namn&#8221; _builder_version=&#8221;4.6.6&#8243; global_colors_info=&#8221;{}&#8221; button_text_size__hover_enabled=&#8221;off&#8221; button_one_text_size__hover_enabled=&#8221;off&#8221; button_two_text_size__hover_enabled=&#8221;off&#8221; button_text_color__hover_enabled=&#8221;off&#8221; button_one_text_color__hover_enabled=&#8221;off&#8221; button_two_text_color__hover_enabled=&#8221;off&#8221; button_border_width__hover_enabled=&#8221;off&#8221; button_one_border_width__hover_enabled=&#8221;off&#8221; button_two_border_width__hover_enabled=&#8221;off&#8221; button_border_color__hover_enabled=&#8221;off&#8221; button_one_border_color__hover_enabled=&#8221;off&#8221; button_two_border_color__hover_enabled=&#8221;off&#8221; button_border_radius__hover_enabled=&#8221;off&#8221; button_one_border_radius__hover_enabled=&#8221;off&#8221; button_two_border_radius__hover_enabled=&#8221;off&#8221; button_letter_spacing__hover_enabled=&#8221;off&#8221; button_one_letter_spacing__hover_enabled=&#8221;off&#8221; button_two_letter_spacing__hover_enabled=&#8221;off&#8221; button_bg_color__hover_enabled=&#8221;off&#8221; button_one_bg_color__hover_enabled=&#8221;off&#8221; button_two_bg_color__hover_enabled=&#8221;off&#8221;][\/et_pb_contact_field][et_pb_contact_field field_id=&#8221;S\u00e4hk\u00f6posti&#8221; field_title=&#8221;Epost&#8221; field_type=&#8221;email&#8221; _builder_version=&#8221;4.6.6&#8243; link_option_url=&#8221;jennyjoha@gmail.com&#8221; global_colors_info=&#8221;{}&#8221; button_text_size__hover_enabled=&#8221;off&#8221; button_one_text_size__hover_enabled=&#8221;off&#8221; button_two_text_size__hover_enabled=&#8221;off&#8221; button_text_color__hover_enabled=&#8221;off&#8221; button_one_text_color__hover_enabled=&#8221;off&#8221; button_two_text_color__hover_enabled=&#8221;off&#8221; button_border_width__hover_enabled=&#8221;off&#8221; button_one_border_width__hover_enabled=&#8221;off&#8221; button_two_border_width__hover_enabled=&#8221;off&#8221; button_border_color__hover_enabled=&#8221;off&#8221; button_one_border_color__hover_enabled=&#8221;off&#8221; button_two_border_color__hover_enabled=&#8221;off&#8221; button_border_radius__hover_enabled=&#8221;off&#8221; button_one_border_radius__hover_enabled=&#8221;off&#8221; button_two_border_radius__hover_enabled=&#8221;off&#8221; button_letter_spacing__hover_enabled=&#8221;off&#8221; button_one_letter_spacing__hover_enabled=&#8221;off&#8221; button_two_letter_spacing__hover_enabled=&#8221;off&#8221; button_bg_color__hover_enabled=&#8221;off&#8221; button_one_bg_color__hover_enabled=&#8221;off&#8221; button_two_bg_color__hover_enabled=&#8221;off&#8221;][\/et_pb_contact_field][et_pb_contact_field field_id=&#8221;Puhelinnumero&#8221; field_title=&#8221;Telefon&#8221; allowed_symbols=&#8221;numbers&#8221; fullwidth_field=&#8221;on&#8221; _builder_version=&#8221;4.6.6&#8243; global_colors_info=&#8221;{}&#8221;][\/et_pb_contact_field][et_pb_contact_field field_id=&#8221;Viesti&#8221; field_title=&#8221;Meddelande&#8221; field_type=&#8221;text&#8221; fullwidth_field=&#8221;on&#8221; _builder_version=&#8221;4.6.6&#8243; global_colors_info=&#8221;{}&#8221; button_text_size__hover_enabled=&#8221;off&#8221; button_one_text_size__hover_enabled=&#8221;off&#8221; button_two_text_size__hover_enabled=&#8221;off&#8221; button_text_color__hover_enabled=&#8221;off&#8221; button_one_text_color__hover_enabled=&#8221;off&#8221; button_two_text_color__hover_enabled=&#8221;off&#8221; button_border_width__hover_enabled=&#8221;off&#8221; button_one_border_width__hover_enabled=&#8221;off&#8221; button_two_border_width__hover_enabled=&#8221;off&#8221; button_border_color__hover_enabled=&#8221;off&#8221; button_one_border_color__hover_enabled=&#8221;off&#8221; button_two_border_color__hover_enabled=&#8221;off&#8221; button_border_radius__hover_enabled=&#8221;off&#8221; button_one_border_radius__hover_enabled=&#8221;off&#8221; button_two_border_radius__hover_enabled=&#8221;off&#8221; button_letter_spacing__hover_enabled=&#8221;off&#8221; button_one_letter_spacing__hover_enabled=&#8221;off&#8221; button_two_letter_spacing__hover_enabled=&#8221;off&#8221; button_bg_color__hover_enabled=&#8221;off&#8221; button_one_bg_color__hover_enabled=&#8221;off&#8221; button_two_bg_color__hover_enabled=&#8221;off&#8221;][\/et_pb_contact_field][\/et_pb_contact_form][et_pb_social_media_follow _builder_version=&#8221;4.4.6&#8243; text_orientation=&#8221;center&#8221; border_radii=&#8221;on|100px|100px|100px|100px&#8221; global_colors_info=&#8221;{}&#8221;][et_pb_social_media_follow_network social_network=&#8221;instagram&#8221; url=&#8221;https:\/\/www.instagram.com\/stormalomerenaarella\/&#8221; _builder_version=&#8221;4.4.6&#8243; background_color=&#8221;#b2b9c4&#8243; custom_margin=&#8221;4px|4px|4px|4px|true|true&#8221; custom_padding=&#8221;6px|6px|6px|6px|true|true&#8221; global_colors_info=&#8221;{}&#8221; follow_button=&#8221;off&#8221; url_new_window=&#8221;on&#8221;]instagram[\/et_pb_social_media_follow_network][\/et_pb_social_media_follow][\/et_pb_column][\/et_pb_row][\/et_pb_section]<\/p>\n","protected":false},"excerpt":{"rendered":"<p>Sm\u00e5b\u00e5tshamnarna Storm\u00e4l\u00f6 Mariina och PikkusatamaB\u00e5tplatserna Hamnarna finns p\u00e5 \u00f6n Storm\u00e4l\u00f6 i Pargas. Omr\u00e5det har fungerat redan l\u00e4nge som sm\u00e5b\u00e5tshamn och Tapani Johansson har verkat p\u00e5 Storm\u00e4l\u00f6n Mariina sedan 1987. Sm\u00e5b\u00e5tshamnarna har ett fantastiskt l\u00e4ge precis invid Ersstan och hela \u00c5bo sk\u00e4rg\u00e5rd, samtidigt som de ligger i en mycket skyddad vik. Storm\u00e4l\u00f6n Mariina Oy och Tapani [&hellip;]<\/p>\n","protected":false},"author":2,"featured_media":0,"parent":0,"menu_order":0,"comment_status":"closed","ping_status":"closed","template":"","meta":{"_et_pb_use_builder":"on","_et_pb_old_content":"<p>[et_pb_section fb_built=\"1\" admin_label=\"Header\" _builder_version=\"4.6.6\" use_background_color_gradient=\"on\" background_color_gradient_start=\"rgba(255,255,255,0.89)\" background_color_gradient_end=\"rgba(255,255,255,0)\" background_color_gradient_type=\"radial\" background_color_gradient_direction_radial=\"top left\" background_color_gradient_start_position=\"30%\" background_color_gradient_end_position=\"80%\" background_color_gradient_overlays_image=\"on\" background_image=\"https:\/\/www.stormalo.fi\/wp-content\/uploads\/2020\/10\/LJO4775.jpg\" custom_padding=\"8vw|0px|0|0px|false|false\" locked=\"off\"][et_pb_row _builder_version=\"3.25\"][et_pb_column type=\"4_4\" _builder_version=\"3.25\" custom_padding=\"|||\" custom_padding__hover=\"|||\"][et_pb_text _builder_version=\"4.6.6\" text_font=\"||||||||\" header_font=\"Raleway|700|||||||\" header_font_size=\"80px\" header_line_height=\"1.2em\" header_5_font=\"Raleway|700||on|||||\" header_5_text_color=\"#000000\" header_5_font_size=\"20px\" header_5_letter_spacing=\"0.5em\" header_5_line_height=\"1.8em\" animation_style=\"zoom\" animation_intensity_zoom=\"5%\" header_font_size_tablet=\"48px\" header_font_size_phone=\"32px\" header_font_size_last_edited=\"on|phone\" header_5_font_size_tablet=\"14px\" header_5_font_size_phone=\"12px\" header_5_font_size_last_edited=\"on|desktop\"]<\/p><h5>Pienvenesatamat<\/h5><h1>Storm\u00e4l\u00f6n mariina ja pikkusatama<\/h1><p>[\/et_pb_text][\/et_pb_column][\/et_pb_row][\/et_pb_section][et_pb_section fb_built=\"1\" _builder_version=\"4.6.6\" _module_preset=\"default\"][et_pb_row _builder_version=\"4.6.6\" _module_preset=\"default\"][et_pb_column type=\"4_4\" _builder_version=\"4.6.6\" _module_preset=\"default\"][et_pb_text _builder_version=\"4.6.6\" _module_preset=\"default\"]<\/p><h2>Venepaikat<\/h2><p>Storm\u00e4l\u00f6n saaren luoteisosassa sijaitseva pienvenesatama-alue. Alueella ollut venetelakka toimintaa 70-luvun alusta asti. Storm\u00e4l\u00f6n Mariina on toiminut vuodesta 1985 ja Tapani Johansson tuli mukaan toimintaan 1987. Vuodesta 2008 Storm\u00e4l\u00f6n Mariina on ollut perheyritys. Storm\u00e4l\u00f6n Mariinaan kuuluvat my\u00f6s Storm\u00e4l\u00f6n m\u00f6kkikyl\u00e4. Alueella sijaitsee my\u00f6s Storm\u00e4l\u00f6 Camping ja Storm\u00e4l\u00f6n Pikkusatama.<\/p><p>Satama-alue ja m\u00f6kkikyl\u00e4 on veneilij\u00f6iden kannalta erinomaisella paikalla saaren luoteiosassa Rompuddenin suojassa.<\/p><p>Storm\u00e4l\u00f6n Mariina Oy ja Tapani Johanssonin oma Storm\u00e4l\u00f6n Pikkusatama vuokraa laituripaikkoja, joita satamassa on noin 250. Kenneth Virran B\u00e5t-Vene K.Virta hoitaa veneennoston ja talvis\u00e4ilytyksen.<\/p><p>Sataman k\u00e4yt\u00e4nn\u00f6n asia: Janne Nordqvist, <em>+358 500 455 218<\/em><br \/>Paikkakyselyt: Jenny Johansson, <em><a href=\"mailto:jennyjoha@gmail.com\" target=\"_blank\" rel=\"noopener noreferrer\">jennyjoha@gmail.com<\/a>, +358442941760<\/em><br \/>Talvitelakointi ja huollot: Kennet Virta, <em>+358500938916, <a href=\"mailto:kenneth.virta@elisanet.fi\" target=\"_blank\" rel=\"noopener noreferrer\">kenneth.virta@elisanet.fi<\/a><\/em><\/p><p>[\/et_pb_text][et_pb_image src=\"https:\/\/www.stormalo.fi\/wp-content\/uploads\/2020\/10\/DSC2232.jpg\" title_text=\"DSC2232\" _builder_version=\"4.6.6\" _module_preset=\"default\"][\/et_pb_image][\/et_pb_column][\/et_pb_row][\/et_pb_section][et_pb_section fb_built=\"1\" admin_label=\"Contact Info\" module_id=\"#yhteys\" _builder_version=\"4.4.7\" background_color=\"#ffffff\" max_width=\"90%\" max_width_tablet=\"\" max_width_phone=\"100%\" max_width_last_edited=\"on|phone\" custom_margin=\"-160px|||\" custom_padding=\"75px|||||\" border_color_all=\"#ffffff\" border_width_left=\"10vw\" saved_tabs=\"all\"][et_pb_row column_structure=\"1_3,1_3,1_3\" _builder_version=\"3.25\" custom_width_px=\"800px\" locked=\"off\"][et_pb_column type=\"1_3\" _builder_version=\"3.25\" custom_padding=\"|||\" custom_padding__hover=\"|||\"][et_pb_blurb title=\"Puhelin\" use_icon=\"on\" font_icon=\"%%264%%\" icon_color=\"#c3cfd6\" icon_placement=\"left\" use_icon_font_size=\"on\" icon_font_size=\"24px\" _builder_version=\"4.6.6\" header_level=\"h5\" header_font=\"Raleway|700|||||||\" header_line_height=\"1.4em\"]<\/p><p>+358442941760<br \/>+358 500 455 218<\/p><p>[\/et_pb_blurb][\/et_pb_column][et_pb_column type=\"1_3\" _builder_version=\"3.25\" custom_padding=\"|||\" custom_padding__hover=\"|||\"][et_pb_blurb title=\"Toimisto\" use_icon=\"on\" font_icon=\"%%249%%\" icon_color=\"#c3cfd6\" icon_placement=\"left\" use_icon_font_size=\"on\" icon_font_size=\"24px\" _builder_version=\"4.6.6\" header_level=\"h5\" header_font=\"Raleway|700|||||||\" header_line_height=\"1.4em\"]<\/p><p>Storm\u00e4l\u00f6ntie 22<br \/>21600 Parainen<\/p><p>[\/et_pb_blurb][\/et_pb_column][et_pb_column type=\"1_3\" _builder_version=\"3.25\" custom_padding=\"|||\" custom_padding__hover=\"|||\"][et_pb_blurb title=\"S\u00e4hk\u00f6posti\" use_icon=\"on\" font_icon=\"%%238%%\" icon_color=\"#c3cfd6\" icon_placement=\"left\" use_icon_font_size=\"on\" icon_font_size=\"24px\" _builder_version=\"4.6.6\" header_level=\"h5\" header_font=\"Raleway|700|||||||\" header_line_height=\"1.4em\"]<\/p><p>jennyjoha@gmail.com<\/p><p>[\/et_pb_blurb][\/et_pb_column][\/et_pb_row][et_pb_row module_id=\"lomake\" _builder_version=\"4.4.7\" custom_width_px=\"800px\"][et_pb_column type=\"4_4\" _builder_version=\"3.25\" custom_padding=\"|||\" custom_padding__hover=\"|||\"][et_pb_contact_form captcha=\"off\" email=\"jennyjoha@gmail.com\" success_message=\"Viestisi on l\u00e4hetetty!\" submit_button_text=\"L\u00e4het\u00e4\" module_id=\"et_pb_contact_form_0\" _builder_version=\"4.4.6\" form_field_background_color=\"#f5f5f5\" title_level=\"h2\" title_font=\"Raleway|700|||||||\" title_font_size=\"50px\" title_line_height=\"1.8em\" form_field_font=\"||||||||\" form_field_line_height=\"2em\" custom_button=\"on\" button_text_size=\"16px\" button_text_color=\"#b2b9c4\" button_bg_color=\"rgba(178,185,196,0)\" button_border_color=\"rgba(0,0,0,0)\" button_border_radius=\"0px\" button_font=\"Raleway|700|||||||\" title_font_size_tablet=\"35px\" title_font_size_phone=\"25px\" title_font_size_last_edited=\"on|desktop\" form_background_color=\"#f5f5f5\" button_border_radius_hover=\"0px\"][et_pb_contact_field field_id=\"Nimi\" field_title=\"Nimi\" _builder_version=\"4.4.6\" button_text_size__hover_enabled=\"off\" button_one_text_size__hover_enabled=\"off\" button_two_text_size__hover_enabled=\"off\" button_text_color__hover_enabled=\"off\" button_one_text_color__hover_enabled=\"off\" button_two_text_color__hover_enabled=\"off\" button_border_width__hover_enabled=\"off\" button_one_border_width__hover_enabled=\"off\" button_two_border_width__hover_enabled=\"off\" button_border_color__hover_enabled=\"off\" button_one_border_color__hover_enabled=\"off\" button_two_border_color__hover_enabled=\"off\" button_border_radius__hover_enabled=\"off\" button_one_border_radius__hover_enabled=\"off\" button_two_border_radius__hover_enabled=\"off\" button_letter_spacing__hover_enabled=\"off\" button_one_letter_spacing__hover_enabled=\"off\" button_two_letter_spacing__hover_enabled=\"off\" button_bg_color__hover_enabled=\"off\" button_one_bg_color__hover_enabled=\"off\" button_two_bg_color__hover_enabled=\"off\"][\/et_pb_contact_field][et_pb_contact_field field_id=\"S\u00e4hk\u00f6posti\" field_title=\"S\u00e4hk\u00f6posti\" field_type=\"email\" _builder_version=\"4.4.6\" button_text_size__hover_enabled=\"off\" button_one_text_size__hover_enabled=\"off\" button_two_text_size__hover_enabled=\"off\" button_text_color__hover_enabled=\"off\" button_one_text_color__hover_enabled=\"off\" button_two_text_color__hover_enabled=\"off\" button_border_width__hover_enabled=\"off\" button_one_border_width__hover_enabled=\"off\" button_two_border_width__hover_enabled=\"off\" button_border_color__hover_enabled=\"off\" button_one_border_color__hover_enabled=\"off\" button_two_border_color__hover_enabled=\"off\" button_border_radius__hover_enabled=\"off\" button_one_border_radius__hover_enabled=\"off\" button_two_border_radius__hover_enabled=\"off\" button_letter_spacing__hover_enabled=\"off\" button_one_letter_spacing__hover_enabled=\"off\" button_two_letter_spacing__hover_enabled=\"off\" button_bg_color__hover_enabled=\"off\" button_one_bg_color__hover_enabled=\"off\" button_two_bg_color__hover_enabled=\"off\"][\/et_pb_contact_field][et_pb_contact_field field_id=\"Puhelinnumero\" field_title=\"Puhelinnumero\" allowed_symbols=\"numbers\" fullwidth_field=\"on\" _builder_version=\"4.4.6\"][\/et_pb_contact_field][et_pb_contact_field field_id=\"Viesti\" field_title=\"Viesti\" field_type=\"text\" fullwidth_field=\"on\" _builder_version=\"4.4.6\" button_text_size__hover_enabled=\"off\" button_one_text_size__hover_enabled=\"off\" button_two_text_size__hover_enabled=\"off\" button_text_color__hover_enabled=\"off\" button_one_text_color__hover_enabled=\"off\" button_two_text_color__hover_enabled=\"off\" button_border_width__hover_enabled=\"off\" button_one_border_width__hover_enabled=\"off\" button_two_border_width__hover_enabled=\"off\" button_border_color__hover_enabled=\"off\" button_one_border_color__hover_enabled=\"off\" button_two_border_color__hover_enabled=\"off\" button_border_radius__hover_enabled=\"off\" button_one_border_radius__hover_enabled=\"off\" button_two_border_radius__hover_enabled=\"off\" button_letter_spacing__hover_enabled=\"off\" button_one_letter_spacing__hover_enabled=\"off\" button_two_letter_spacing__hover_enabled=\"off\" button_bg_color__hover_enabled=\"off\" button_one_bg_color__hover_enabled=\"off\" button_two_bg_color__hover_enabled=\"off\"][\/et_pb_contact_field][\/et_pb_contact_form][et_pb_social_media_follow _builder_version=\"4.4.6\" text_orientation=\"center\" border_radii=\"on|100px|100px|100px|100px\"][et_pb_social_media_follow_network social_network=\"instagram\" url=\"https:\/\/www.instagram.com\/stormalomerenaarella\/\" _builder_version=\"4.4.6\" background_color=\"#b2b9c4\" custom_margin=\"4px|4px|4px|4px|true|true\" custom_padding=\"6px|6px|6px|6px|true|true\" follow_button=\"off\" url_new_window=\"on\"]instagram[\/et_pb_social_media_follow_network][\/et_pb_social_media_follow][\/et_pb_column][\/et_pb_row][\/et_pb_section]<\/p>","_et_gb_content_width":"","footnotes":""},"class_list":["post-788","page","type-page","status-publish","hentry"],"_links":{"self":[{"href":"https:\/\/www.stormalo.fi\/sv\/wp-json\/wp\/v2\/pages\/788","targetHints":{"allow":["GET"]}}],"collection":[{"href":"https:\/\/www.stormalo.fi\/sv\/wp-json\/wp\/v2\/pages"}],"about":[{"href":"https:\/\/www.stormalo.fi\/sv\/wp-json\/wp\/v2\/types\/page"}],"author":[{"embeddable":true,"href":"https:\/\/www.stormalo.fi\/sv\/wp-json\/wp\/v2\/users\/2"}],"replies":[{"embeddable":true,"href":"https:\/\/www.stormalo.fi\/sv\/wp-json\/wp\/v2\/comments?post=788"}],"version-history":[{"count":8,"href":"https:\/\/www.stormalo.fi\/sv\/wp-json\/wp\/v2\/pages\/788\/revisions"}],"predecessor-version":[{"id":873,"href":"https:\/\/www.stormalo.fi\/sv\/wp-json\/wp\/v2\/pages\/788\/revisions\/873"}],"wp:attachment":[{"href":"https:\/\/www.stormalo.fi\/sv\/wp-json\/wp\/v2\/media?parent=788"}],"curies":[{"name":"wp","href":"https:\/\/api.w.org\/{rel}","templated":true}]}}